{"id":1015,"date":"2021-09-14T21:17:41","date_gmt":"2021-09-15T00:17:41","guid":{"rendered":"https:\/\/sindestiva.com.br\/wp\/historia\/"},"modified":"2023-08-23T15:16:38","modified_gmt":"2023-08-23T18:16:38","slug":"historia","status":"publish","type":"page","link":"https:\/\/sindestiva.com.br\/wp\/historia\/","title":{"rendered":"Historia"},"content":{"rendered":"\t\t<div data-elementor-type=\"wp-page\" data-elementor-id=\"1015\" class=\"elementor elementor-1015\" data-elementor-settings=\"{&quot;ha_cmc_init_switcher&quot;:&quot;no&quot;}\">\n\t\t\t\t\t\t<section class=\"elementor-section elementor-top-section elementor-element elementor-element-318f2832 elementor-section-full_width elementor-section-height-default elementor-section-height-default\" data-id=\"318f2832\" data-element_type=\"section\" data-e-type=\"section\" data-settings=\"{&quot;background_background&quot;:&quot;gradient&quot;,&quot;_ha_eqh_enable&quot;:false}\">\n\t\t\t\t\t\t<div class=\"elementor-container elementor-column-gap-default\">\n\t\t\t\t\t<div class=\"elementor-column elementor-col-50 elementor-top-column elementor-element elementor-element-57b15b53\" data-id=\"57b15b53\" data-element_type=\"column\" data-e-type=\"column\">\n\t\t\t<div class=\"elementor-widget-wrap elementor-element-populated\">\n\t\t\t\t\t\t<div class=\"elementor-element elementor-element-10614a5d elementor-widget elementor-widget-text-editor\" data-id=\"10614a5d\" data-element_type=\"widget\" data-e-type=\"widget\" data-widget_type=\"text-editor.default\">\n\t\t\t\t<div class=\"elementor-widget-container\">\n\t\t\t\t\t\t\t\t\t<p>O Sindicato dos Estivadores de Paranagu\u00e1 e Pontal do Paran\u00e1 (Sindestiva) foi&nbsp; fundado em 13 de setembro de 1903. Antes mesmo da inaugura\u00e7\u00e3o oficial do Porto Dom Pedro II, em 1935, os estivadores j\u00e1 atuavam nas opera\u00e7\u00f5es portu\u00e1rias realizadas na cidade, no antigo atracadouro da Rua da Praia, onde hoje \u00e9 a Pra\u00e7a do Guincho. A entidade \u00e9 uma das pioneiras no Brasil e abriga atualmente mais de mil associados ativos, representando cerca de 5 mil fam\u00edlias atendidas.<\/p>\n<p>O Sindicato desempenha um importante trabalho social, com sua assist\u00eancia na \u00e1rea de sa\u00fade para a fam\u00edlia estivadora, e todos os dias no cais, representando e atendendo nossos estivadores. Temos orgulho de estar \u00e0 frente de um sindicato forte, constru\u00eddo por muitos que n\u00e3o est\u00e3o mais aqui, mas que merecem nossa gratid\u00e3o.<\/p>\n<p>A Estiva \u00e9 a maior e mais antiga categoria de Trabalhador Portu\u00e1rio Avulso (TPA) de Paranagu\u00e1. At\u00e9 o in\u00edcio da d\u00e9cada de 1990, a atividade profissional de Estivador passava de pai para filho por afinidade e indica\u00e7\u00e3o. A partir de ent\u00e3o, a integra\u00e7\u00e3o de novos estivadores ocorre por meio de concurso. O \u00faltimo certame aconteceu em 1991.<\/p>\n<p>Atualmente, o Sindestiva conta com 48 funcion\u00e1rios em sua sede, ponto de embarque, ch\u00e1cara&nbsp; e cl\u00ednica, onde atuam m\u00e9dicos, enfermeiras, atendentes de dentistas, cirurgi\u00f5es-dentistas e fisioterapeutas. Tamb\u00e9m fazem parte do quadro de profissionais do sindicato, zeladoras, motoristas, advogados, contadora e estagi\u00e1rios.<\/p>\n<p><span style=\"color: var( --e-global-color-text ); font-family: var( --e-global-typography-text-font-family ), Sans-serif; font-weight: var( --e-global-typography-text-font-weight ); font-size: var(--global--font-size-base);\">Estivador \u00e9 o profissional que trabalha na carga e descarga dos navios, movimentando a mercadoria entre o por\u00e3o do navio e o conv\u00e9s. Tamb\u00e9m atua a bordo ou em opera\u00e7\u00f5es de ve\u00edculos. S\u00e3o v\u00e1rias as fun\u00e7\u00f5es que um estivador pode ter a bordo do navio, entre elas, conexo, rechego da carga a granel, como homem da dala, capataz, escotilha, fiscal e no por\u00e3o operando as m\u00e1quinas e equipamentos de bordo.<\/span><br><\/p>\n<p><br><\/p>\t\t\t\t\t\t\t\t<\/div>\n\t\t\t\t<\/div>\n\t\t\t\t\t<\/div>\n\t\t<\/div>\n\t\t\t\t<div class=\"elementor-column elementor-col-50 elementor-top-column elementor-element elementor-element-635975eb\" data-id=\"635975eb\" data-element_type=\"column\" data-e-type=\"column\">\n\t\t\t<div class=\"elementor-widget-wrap elementor-element-populated\">\n\t\t\t\t\t\t<div class=\"elementor-element elementor-element-4ad46b24 elementor-widget elementor-widget-bdt-slideshow\" data-id=\"4ad46b24\" data-element_type=\"widget\" data-e-type=\"widget\" data-widget_type=\"bdt-slideshow.default\">\n\t\t\t\t<div class=\"elementor-widget-container\">\n\t\t\t\t\t\t\t<div data-bdt-slideshow=\"{&quot;animation&quot;:&quot;scale&quot;,&quot;ratio&quot;:&quot;16:9&quot;,&quot;min-height&quot;:false,&quot;autoplay&quot;:true,&quot;autoplay-interval&quot;:7000,&quot;pause-on-hover&quot;:true,&quot;velocity&quot;:1}\" class=\"bdt-arrows-align-center\">\n\t\t\t<div class=\"bdt-position-relative bdt-visible-toggle\">\n\n\t\t\t\t\n\t\t\t\t<ul class=\"bdt-slideshow-items\">\n\t\t\t\t\t\t    \n\t        <li class=\"bdt-slideshow-item elementor-repeater-item-18b71a1\">\n\t\t        \t\t\t\t\t<div class=\"bdt-position-cover bdt-animation-kenburns bdt-animation-reverse bdt-transform-origin-center-left\">\n\t\t\t\t\n\t\t            \t\t\t            <img decoding=\"async\" src=\"https:\/\/i0.wp.com\/sindestiva.com.br\/wp\/wp-content\/uploads\/2021\/09\/fotoantiga.jpg?fit=640%2C457&#038;ssl=1\" alt=\"Historia\" bdt-cover=\"\">\t\t\t        \n\t\t        \t\t            <\/div>\n\t\t        \n\t\t        \n\t                    <div class=\"bdt-slideshow-content-wrapper bdt-position-z-index bdt-position-center bdt-position-large bdt-text-center\">\n        \t\n\t\t\t\n\t\t\t\n\t\t\t\n\t\t\t\t\t<\/div>\n\n\t\t\t        <\/li>\n\n\t\t\t\t\t\t    \n\t        <li class=\"bdt-slideshow-item elementor-repeater-item-fc8390c\">\n\t\t        \t\t\t\t\t<div class=\"bdt-position-cover bdt-animation-kenburns bdt-animation-reverse bdt-transform-origin-center-left\">\n\t\t\t\t\n\t\t            \t\t\t            <img decoding=\"async\" src=\"https:\/\/i0.wp.com\/sindestiva.com.br\/wp\/wp-content\/uploads\/2021\/09\/p4.jpg?fit=480%2C358&#038;ssl=1\" alt=\"Historia\" bdt-cover=\"\">\t\t\t        \n\t\t        \t\t            <\/div>\n\t\t        \n\t\t        \n\t                    <div class=\"bdt-slideshow-content-wrapper bdt-position-z-index bdt-position-center bdt-position-large bdt-text-center\">\n        \t\n\t\t\t\n\t\t\t\n\t\t\t\n\t\t\t\t\t<\/div>\n\n\t\t\t        <\/li>\n\n\t\t\t\t\t\t    \n\t        <li class=\"bdt-slideshow-item elementor-repeater-item-ab08ad7\">\n\t\t        \t\t\t\t\t<div class=\"bdt-position-cover bdt-animation-kenburns bdt-animation-reverse bdt-transform-origin-center-left\">\n\t\t\t\t\n\t\t            \t\t\t            <img decoding=\"async\" src=\"https:\/\/i0.wp.com\/sindestiva.com.br\/wp\/wp-content\/uploads\/2021\/09\/p3.jpg?fit=500%2C310&#038;ssl=1\" alt=\"Historia\" bdt-cover=\"\">\t\t\t        \n\t\t        \t\t            <\/div>\n\t\t        \n\t\t        \n\t                    <div class=\"bdt-slideshow-content-wrapper bdt-position-z-index bdt-position-center bdt-position-large bdt-text-center\">\n        \t\n\t\t\t\n\t\t\t\n\t\t\t\n\t\t\t\t\t<\/div>\n\n\t\t\t        <\/li>\n\n\t\t\t\t\t\t    \n\t        <li class=\"bdt-slideshow-item elementor-repeater-item-d830831\">\n\t\t        \t\t\t\t\t<div class=\"bdt-position-cover bdt-animation-kenburns bdt-animation-reverse bdt-transform-origin-center-left\">\n\t\t\t\t\n\t\t            \t\t\t            <img decoding=\"async\" src=\"https:\/\/i0.wp.com\/sindestiva.com.br\/wp\/wp-content\/uploads\/2021\/09\/p2.jpg?fit=564%2C422&#038;ssl=1\" alt=\"Historia\" bdt-cover=\"\">\t\t\t        \n\t\t        \t\t            <\/div>\n\t\t        \n\t\t        \n\t                    <div class=\"bdt-slideshow-content-wrapper bdt-position-z-index bdt-position-center bdt-position-large bdt-text-center\">\n        \t\n\t\t\t\n\t\t\t\n\t\t\t\n\t\t\t\t\t<\/div>\n\n\t\t\t        <\/li>\n\n\t\t\t\t\t\t    \n\t        <li class=\"bdt-slideshow-item elementor-repeater-item-08df88f\">\n\t\t        \t\t\t\t\t<div class=\"bdt-position-cover bdt-animation-kenburns bdt-animation-reverse bdt-transform-origin-center-left\">\n\t\t\t\t\n\t\t            \t\t\t            <img decoding=\"async\" src=\"https:\/\/i0.wp.com\/sindestiva.com.br\/wp\/wp-content\/uploads\/2021\/09\/p1-e1626208502715.jpg?fit=480%2C315&#038;ssl=1\" alt=\"Historia\" bdt-cover=\"\">\t\t\t        \n\t\t        \t\t            <\/div>\n\t\t        \n\t\t        \n\t                    <div class=\"bdt-slideshow-content-wrapper bdt-position-z-index bdt-position-center bdt-position-large bdt-text-center\">\n        \t\n\t\t\t\n\t\t\t\n\t\t\t\n\t\t\t\t\t<\/div>\n\n\t\t\t        <\/li>\n\n\t\t\t\t\t\t<\/ul>\n\t\t\t\t\t\t\t\n\t\t\t\t\t\t\t<div class=\"bdt-position-z-index bdt-position-center bdt-visible@m\">\n\t\t\t<div class=\"bdt-arrows-container bdt-slidenav-container\">\n\t\t\t\t<a href=\"\" class=\"bdt-navigation-prev bdt-slidenav-previous bdt-icon bdt-slidenav\" data-bdt-slideshow-item=\"previous\">\n\t\t\t\t\t<i class=\"ep-arrow-left-5\" aria-hidden=\"true\"><\/i>\n\t\t\t\t<\/a>\n\t\t\t\t<a href=\"\" class=\"bdt-navigation-next bdt-slidenav-next bdt-icon bdt-slidenav\" data-bdt-slideshow-item=\"next\">\n\t\t\t\t\t<i class=\"ep-arrow-right-5\" aria-hidden=\"true\"><\/i>\n\t\t\t\t<\/a>\n\t\t\t<\/div>\n\t\t<\/div>\n\t\t\t\t\t\t\t\t\t<\/div>\n\t\t<\/div>\n\t\t\t\t\t\t<\/div>\n\t\t\t\t<\/div>\n\t\t\t\t<div class=\"elementor-element elementor-element-3d748175 elementor-widget elementor-widget-video\" data-id=\"3d748175\" data-element_type=\"widget\" data-e-type=\"widget\" data-settings=\"{&quot;youtube_url&quot;:&quot;https:\\\/\\\/youtu.be\\\/p1DUdxU1XzY&quot;,&quot;start&quot;:35,&quot;end&quot;:630,&quot;show_image_overlay&quot;:&quot;yes&quot;,&quot;image_overlay&quot;:{&quot;url&quot;:&quot;https:\\\/\\\/sindestiva.com.br\\\/wp\\\/wp-content\\\/uploads\\\/2021\\\/09\\\/map-discovery-america-3409359.jpg&quot;,&quot;id&quot;:1020,&quot;size&quot;:&quot;&quot;},&quot;video_type&quot;:&quot;youtube&quot;}\" data-widget_type=\"video.default\">\n\t\t\t\t<div class=\"elementor-widget-container\">\n\t\t\t\t\t\t\t<div class=\"elementor-wrapper elementor-open-inline\">\n\t\t\t<div class=\"elementor-video\"><\/div>\t\t\t\t<div class=\"elementor-custom-embed-image-overlay\" style=\"background-image: url(https:\/\/i0.wp.com\/sindestiva.com.br\/wp\/wp-content\/uploads\/2021\/09\/map-discovery-america-3409359.jpg?fit=1280%2C740&amp;ssl=1);\">\n\t\t\t\t\t\t\t\t\t\t\t\t\t\t\t\t<div class=\"elementor-custom-embed-play\" role=\"button\" aria-label=\"Reproduzir v\u00eddeo\" tabindex=\"0\">\n\t\t\t\t\t\t\t<i aria-hidden=\"true\" class=\"eicon-play\"><\/i>\t\t\t\t\t\t<\/div>\n\t\t\t\t\t\t\t\t\t<\/div>\n\t\t\t\t\t<\/div>\n\t\t\t\t\t\t<\/div>\n\t\t\t\t<\/div>\n\t\t\t\t\t<\/div>\n\t\t<\/div>\n\t\t\t\t\t<\/div>\n\t\t<\/section>\n\t\t\t\t<\/div>\n\t\t","protected":false},"excerpt":{"rendered":"<p>O Sindicato dos Estivadores de Paranagu\u00e1 e Pontal do Paran\u00e1 (Sindestiva) foi&nbsp; fundado em 13 de setembro de 1903. Antes mesmo da inaugura\u00e7\u00e3o oficial do Porto Dom Pedro II, em 1935, os estivadores j\u00e1 atuavam nas opera\u00e7\u00f5es portu\u00e1rias realizadas na cidade, no antigo atracadouro da Rua da Praia, onde hoje \u00e9 a Pra\u00e7a do Guincho.&hellip; <a class=\"more-link\" href=\"https:\/\/sindestiva.com.br\/wp\/historia\/\">Continuar lendo <span class=\"screen-reader-text\">Historia<\/span><\/a><\/p>\n","protected":false},"author":1,"featured_media":0,"parent":0,"menu_order":0,"comment_status":"closed","ping_status":"closed","template":"elementor_header_footer","meta":{"jetpack_post_was_ever_published":false,"footnotes":""},"class_list":["post-1015","page","type-page","status-publish","hentry","entry"],"jetpack_sharing_enabled":true,"_links":{"self":[{"href":"https:\/\/sindestiva.com.br\/wp\/wp-json\/wp\/v2\/pages\/1015","targetHints":{"allow":["GET"]}}],"collection":[{"href":"https:\/\/sindestiva.com.br\/wp\/wp-json\/wp\/v2\/pages"}],"about":[{"href":"https:\/\/sindestiva.com.br\/wp\/wp-json\/wp\/v2\/types\/page"}],"author":[{"embeddable":true,"href":"https:\/\/sindestiva.com.br\/wp\/wp-json\/wp\/v2\/users\/1"}],"replies":[{"embeddable":true,"href":"https:\/\/sindestiva.com.br\/wp\/wp-json\/wp\/v2\/comments?post=1015"}],"version-history":[{"count":14,"href":"https:\/\/sindestiva.com.br\/wp\/wp-json\/wp\/v2\/pages\/1015\/revisions"}],"predecessor-version":[{"id":2566,"href":"https:\/\/sindestiva.com.br\/wp\/wp-json\/wp\/v2\/pages\/1015\/revisions\/2566"}],"wp:attachment":[{"href":"https:\/\/sindestiva.com.br\/wp\/wp-json\/wp\/v2\/media?parent=1015"}],"curies":[{"name":"wp","href":"https:\/\/api.w.org\/{rel}","templated":true}]}}